{"id":1681,"date":"2022-01-19T12:06:39","date_gmt":"2022-01-19T11:06:39","guid":{"rendered":"https:\/\/goldenpondproducts.be\/privacybeleid\/"},"modified":"2022-11-30T14:35:50","modified_gmt":"2022-11-30T13:35:50","slug":"politique-de-confidentialite","status":"publish","type":"page","link":"https:\/\/goldenpondproducts.be\/fr\/politique-de-confidentialite\/","title":{"rendered":"Politique de confidentialit\u00e9"},"content":{"rendered":"<ul>\n<li>Laatst bijgewerkt op 06-apr-2022<\/li>\n<li>Datum inwerkingtreding 06-apr-2022<\/li>\n<\/ul>\n<p>Cette politique de confidentialit\u00e9 d\u00e9crit la politique de SL PRODUCTS BV, Minderhoutsestraat 123A, Beukendreef 2e 2323 Wortel, Belgique, email : info@slproducts.be, t\u00e9l\u00e9phone : 0473 58 72 45 sur la collecte, l&rsquo;utilisation et la divulgation de vos informations que nous recueillons lorsque vous utilisez notre site Web ( goldenpondproducts.be ). (le \u00ab\u00a0Service\u00a0\u00bb). En acc\u00e9dant au service ou en l&rsquo;utilisant, vous acceptez la collecte, l&rsquo;utilisation et la divulgation de vos informations conform\u00e9ment \u00e0 la pr\u00e9sente politique de confidentialit\u00e9. Si vous n&rsquo;\u00eates pas d&rsquo;accord, veuillez ne pas acc\u00e9der au service ni l&rsquo;utiliser.<\/p>\n<p>Nous pouvons modifier cette politique de confidentialit\u00e9 \u00e0 tout moment sans pr\u00e9avis et nous publierons la politique de confidentialit\u00e9 r\u00e9vis\u00e9e sur le Service. La politique r\u00e9vis\u00e9e entrera en vigueur 180 jours apr\u00e8s la publication de la politique r\u00e9vis\u00e9e sur le service et le fait de continuer \u00e0 acc\u00e9der au service ou \u00e0 l&rsquo;utiliser apr\u00e8s cette p\u00e9riode constituera votre acceptation de la politique de confidentialit\u00e9 r\u00e9vis\u00e9e. Nous vous encourageons donc \u00e0 consulter r\u00e9guli\u00e8rement cette page.<\/p>\n<h6><strong>COMMENT NOUS UTILISONS VOS INFORMATIONS : <\/strong><\/h6>\n<p>Nous utiliserons les informations que nous recueillons \u00e0 votre sujet aux fins suivantes :<\/p>\n<ul>\n<li>Marketing\/ Promotion<\/li>\n<li>Recueillir les commentaires des clients<\/li>\n<\/ul>\n<p>Si nous souhaitons utiliser vos informations \u00e0 d&rsquo;autres fins, nous vous demanderons votre consentement et n&rsquo;utiliserons vos informations qu&rsquo;apr\u00e8s avoir re\u00e7u votre consentement et alors uniquement pour la ou les fins pour lesquelles vous avez donn\u00e9 votre consentement, sauf si la loi nous oblige \u00e0 agir autrement.<\/p>\n<h6><strong>VOS DROITS : <\/strong><\/h6>\n<p>Selon la loi applicable, vous pouvez avoir le droit d&rsquo;acc\u00e9der \u00e0 vos donn\u00e9es personnelles et de les corriger ou de les effacer ou de recevoir une copie de vos donn\u00e9es personnelles, de restreindre ou de vous opposer au traitement actif de vos donn\u00e9es, de nous demander de partager (transf\u00e9rer) vos donn\u00e9es personnelles \u00e0 une autre entit\u00e9, de r\u00e9voquer tout consentement que vous nous avez donn\u00e9 pour traiter vos donn\u00e9es, un droit de d\u00e9poser une plainte aupr\u00e8s d&rsquo;un organisme statutaire et tout autre droit qui peut \u00eatre pertinent en vertu de la loi applicable. Pour exercer ces droits, veuillez nous \u00e9crire \u00e0 l&rsquo;adresse suivante : info@slproducts.be. Nous r\u00e9pondrons \u00e0 votre demande conform\u00e9ment \u00e0 la l\u00e9gislation applicable. Si vous ne nous autorisez pas \u00e0 collecter ou \u00e0 traiter les informations personnelles requises ou si vous retirez votre consentement au traitement de ces informations aux fins requises, il se peut que vous ne puissiez pas acc\u00e9der ou utiliser les services pour lesquels vos informations ont \u00e9t\u00e9 demand\u00e9es.<\/p>\n<h6><strong>COOKIES ETC. <\/strong><\/h6>\n<p>Pour plus d&rsquo;informations sur la mani\u00e8re dont nous les utilisons et sur vos choix concernant ces technologies de suivi, veuillez vous reporter \u00e0 notre politique en mati\u00e8re de cookies.<\/p>\n<h6><strong>S\u00c9CURIT\u00c9 : <\/strong><\/h6>\n<p>La s\u00e9curit\u00e9 de vos informations est importante pour nous et nous prendrons des mesures de s\u00e9curit\u00e9 raisonnables pour emp\u00eacher la perte, l&rsquo;utilisation abusive ou la modification non autoris\u00e9e de vos informations sous notre contr\u00f4le. Toutefois, compte tenu des risques inh\u00e9rents, nous ne pouvons pas garantir une s\u00e9curit\u00e9 absolue et, par cons\u00e9quent, nous ne pouvons pas garantir la s\u00e9curit\u00e9 de toute information que vous nous transmettez et vous le faites \u00e0 vos propres risques.<\/p>\n<h6><strong>AGENT CHARG\u00c9 DES GRIEFS ET DE LA PROTECTION DES DONN\u00c9ES :<\/strong><\/h6>\n<p>Si vous avez des questions ou des pr\u00e9occupations concernant le traitement de vos informations disponibles chez nous, veuillez envoyer un courriel \u00e0 notre responsable des plaintes \u00e0 SL PRODUCTS BV, Beukendreef 2e 2323 Wortel, courriel : info@slproducts.be. Nous r\u00e9pondrons \u00e0 vos pr\u00e9occupations conform\u00e9ment \u00e0 la l\u00e9gislation applicable. Politique de confidentialit\u00e9 g\u00e9n\u00e9r\u00e9e avec CookieYes.<\/p>\n","protected":false},"excerpt":{"rendered":"<p>Laatst bijgewerkt op 06-apr-2022 Datum inwerkingtreding 06-apr-2022 Cette politique de confidentialit\u00e9 d\u00e9crit la politique de SL PRODUCTS BV, Minderhoutsestraat 123A, Beukendreef 2e 2323 Wortel, Belgique, email : info@slproducts.be, t\u00e9l\u00e9phone : 0473 58 72 45 sur la collecte, l&rsquo;utilisation et la divulgation de vos informations que nous recueillons lorsque vous utilisez notre site Web ( goldenpondproducts.be &hellip;<\/p>\n<p class=\"read-more\"> <a class=\"\" href=\"https:\/\/goldenpondproducts.be\/fr\/politique-de-confidentialite\/\"> <span class=\"screen-reader-text\">Politique de confidentialit\u00e9<\/span> Read More \u00bb<\/a><\/p>\n","protected":false},"author":3,"featured_media":0,"parent":0,"menu_order":0,"comment_status":"closed","ping_status":"closed","template":"","meta":{"_seopress_robots_primary_cat":"","_seopress_titles_title":"","_seopress_titles_desc":"","_seopress_robots_index":"","site-sidebar-layout":"default","site-content-layout":"default","ast-global-header-display":"","ast-main-header-display":"","ast-hfb-above-header-display":"","ast-hfb-below-header-display":"","ast-hfb-mobile-header-display":"","site-post-title":"","ast-breadcrumbs-content":"","ast-featured-img":"","footer-sml-layout":"","theme-transparent-header-meta":"default","adv-header-id-meta":"","stick-header-meta":"default","header-above-stick-meta":"","header-main-stick-meta":"","header-below-stick-meta":"","footnotes":""},"class_list":["post-1681","page","type-page","status-publish","hentry"],"_links":{"self":[{"href":"https:\/\/goldenpondproducts.be\/fr\/wp-json\/wp\/v2\/pages\/1681","targetHints":{"allow":["GET"]}}],"collection":[{"href":"https:\/\/goldenpondproducts.be\/fr\/wp-json\/wp\/v2\/pages"}],"about":[{"href":"https:\/\/goldenpondproducts.be\/fr\/wp-json\/wp\/v2\/types\/page"}],"author":[{"embeddable":true,"href":"https:\/\/goldenpondproducts.be\/fr\/wp-json\/wp\/v2\/users\/3"}],"replies":[{"embeddable":true,"href":"https:\/\/goldenpondproducts.be\/fr\/wp-json\/wp\/v2\/comments?post=1681"}],"version-history":[{"count":2,"href":"https:\/\/goldenpondproducts.be\/fr\/wp-json\/wp\/v2\/pages\/1681\/revisions"}],"predecessor-version":[{"id":1713,"href":"https:\/\/goldenpondproducts.be\/fr\/wp-json\/wp\/v2\/pages\/1681\/revisions\/1713"}],"wp:attachment":[{"href":"https:\/\/goldenpondproducts.be\/fr\/wp-json\/wp\/v2\/media?parent=1681"}],"curies":[{"name":"wp","href":"https:\/\/api.w.org\/{rel}","templated":true}]}}