{"id":1684,"date":"2021-06-25T14:45:08","date_gmt":"2021-06-25T12:45:08","guid":{"rendered":"https:\/\/goldenpondproducts.be\/home\/"},"modified":"2022-11-30T13:34:08","modified_gmt":"2022-11-30T12:34:08","slug":"home","status":"publish","type":"page","link":"https:\/\/goldenpondproducts.be\/fr\/","title":{"rendered":"Accueil"},"content":{"rendered":"\t\t<div data-elementor-type=\"wp-page\" data-elementor-id=\"1684\" class=\"elementor elementor-1684 elementor-7\" data-elementor-post-type=\"page\">\n\t\t\t\t\t\t<section class=\"elementor-section elementor-top-section elementor-element elementor-element-4b5a6f2 elementor-section-height-min-height elementor-section-boxed elementor-section-height-default elementor-section-items-middle\" data-id=\"4b5a6f2\" data-element_type=\"section\" data-settings=\"{&quot;background_background&quot;:&quot;video&quot;,&quot;background_video_link&quot;:&quot;\\\/wp-content\\\/uploads\\\/2022\\\/01\\\/Video-002.mp4&quot;}\">\n\t\t\t\t\t\t\t\t<div class=\"elementor-background-video-container elementor-hidden-mobile\">\n\t\t\t\t\t\t\t\t\t\t\t\t\t<video class=\"elementor-background-video-hosted\" autoplay muted playsinline loop><\/video>\n\t\t\t\t\t\t\t\t\t\t\t<\/div>\n\t\t\t\t\t\t\t\t\t<div class=\"elementor-background-overlay\"><\/div>\n\t\t\t\t\t\t\t<div class=\"elementor-container elementor-column-gap-no\">\n\t\t\t\t\t<div class=\"elementor-column elementor-col-100 elementor-top-column elementor-element elementor-element-ffce3b3\" data-id=\"ffce3b3\" data-element_type=\"column\" data-settings=\"{&quot;background_background&quot;:&quot;classic&quot;}\">\n\t\t\t<div class=\"elementor-widget-wrap elementor-element-populated\">\n\t\t\t\t\t<div class=\"elementor-background-overlay\"><\/div>\n\t\t\t\t\t\t<div class=\"elementor-element elementor-element-d31122c elementor-widget elementor-widget-heading\" data-id=\"d31122c\" data-element_type=\"widget\" data-widget_type=\"heading.default\">\n\t\t\t\t<div class=\"elementor-widget-container\">\n\t\t\t\t\t<h6 class=\"elementor-heading-title elementor-size-default\">Demandez conseil \u00e0 nos sp\u00e9cialistes. <\/h6>\t\t\t\t<\/div>\n\t\t\t\t<\/div>\n\t\t\t\t<div class=\"elementor-element elementor-element-268750f elementor-widget elementor-widget-heading\" data-id=\"268750f\" data-element_type=\"widget\" data-widget_type=\"heading.default\">\n\t\t\t\t<div class=\"elementor-widget-container\">\n\t\t\t\t\t<h1 class=\"elementor-heading-title elementor-size-default\">Vous souhaitez devenir un DISTRIBUTEUR de produits Golden Pond :<\/h1>\t\t\t\t<\/div>\n\t\t\t\t<\/div>\n\t\t\t\t<div class=\"elementor-element elementor-element-ecfc0e1 elementor-widget elementor-widget-button\" data-id=\"ecfc0e1\" data-element_type=\"widget\" data-widget_type=\"button.default\">\n\t\t\t\t<div class=\"elementor-widget-container\">\n\t\t\t\t\t\t\t\t\t<div class=\"elementor-button-wrapper\">\n\t\t\t\t\t<a class=\"elementor-button elementor-button-link elementor-size-sm\" href=\"https:\/\/goldenpondproducts.be\/fr\/contact\/\">\n\t\t\t\t\t\t<span class=\"elementor-button-content-wrapper\">\n\t\t\t\t\t\t\t\t\t<span class=\"elementor-button-text\">CONTACTEZ-NOUS<\/span>\n\t\t\t\t\t<\/span>\n\t\t\t\t\t<\/a>\n\t\t\t\t<\/div>\n\t\t\t\t\t\t\t\t<\/div>\n\t\t\t\t<\/div>\n\t\t\t\t\t<\/div>\n\t\t<\/div>\n\t\t\t\t\t<\/div>\n\t\t<\/section>\n\t\t\t\t<section class=\"elementor-section elementor-top-section elementor-element elementor-element-97f8289 elementor-section-height-min-height elementor-section-boxed elementor-section-height-default elementor-section-items-middle\" data-id=\"97f8289\" data-element_type=\"section\" data-settings=\"{&quot;background_background&quot;:&quot;classic&quot;}\">\n\t\t\t\t\t\t<div class=\"elementor-container elementor-column-gap-no\">\n\t\t\t\t\t<div class=\"elementor-column elementor-col-100 elementor-top-column elementor-element elementor-element-6c0e4e4\" data-id=\"6c0e4e4\" data-element_type=\"column\">\n\t\t\t<div class=\"elementor-widget-wrap elementor-element-populated\">\n\t\t\t\t\t\t<div class=\"elementor-element elementor-element-b328ea5 elementor-widget elementor-widget-heading\" data-id=\"b328ea5\" data-element_type=\"widget\" data-widget_type=\"heading.default\">\n\t\t\t\t<div class=\"elementor-widget-container\">\n\t\t\t\t\t<h6 class=\"elementor-heading-title elementor-size-default\">Les produits GOLDEN POND PRODUCTS<\/h6>\t\t\t\t<\/div>\n\t\t\t\t<\/div>\n\t\t\t\t<div class=\"elementor-element elementor-element-9eba955 elementor-widget elementor-widget-text-editor\" data-id=\"9eba955\" data-element_type=\"widget\" data-widget_type=\"text-editor.default\">\n\t\t\t\t<div class=\"elementor-widget-container\">\n\t\t\t\t\t\t\t\t\tsont des produits uniques et durables pour les bassins, con\u00e7us en collaboration avec des biologistes et des v\u00e9t\u00e9rinaires sp\u00e9cialis\u00e9s. Les produits de <strong>Golden Pond<\/strong> sont enti\u00e8rement compos\u00e9s biologiquement et am\u00e9liorent la qualit\u00e9 de l&rsquo;eau et la sant\u00e9 des poissons et des plantes.\r\n\r\n<strong>SL Products<\/strong> est un distributeur de ces produits efficaces de <strong>Golden Pond<\/strong>. La gamme comprend divers produits de traitement de l&rsquo;eau, des mat\u00e9riaux de contr\u00f4le des algues, diverses bact\u00e9ries et aliments.\r\n\r\nUn bassin sans algues avec des poissons et des plantes en bonne sant\u00e9, c&rsquo;est ce que tout le monde souhaite. Les valeurs de l&rsquo;eau sont tr\u00e8s importantes ici : GH, KH (min\u00e9raux) et PH (acidit\u00e9) doivent \u00eatre mesur\u00e9s r\u00e9guli\u00e8rement et ajust\u00e9s si n\u00e9cessaire avec nos produits.\r\n\r\nLe produit d&rsquo;algues filamenteuses<strong> Golden Algae<\/strong> est le seul produit d&rsquo;algues filamenteuses homologu\u00e9 par l&rsquo;Agence f\u00e9d\u00e9rale pour la s\u00e9curit\u00e9 de la cha\u00eene alimentaire (AFSCA) en vertu du r\u00e8glement (UE) 528\/2012 avec le num\u00e9ro d&rsquo;autorisation 13117B.\t\t\t\t\t\t\t\t<\/div>\n\t\t\t\t<\/div>\n\t\t\t\t<section class=\"elementor-section elementor-inner-section elementor-element elementor-element-fa11f62 elementor-section-content-middle elementor-section-boxed elementor-section-height-default elementor-section-height-default\" data-id=\"fa11f62\" data-element_type=\"section\">\n\t\t\t\t\t\t<div class=\"elementor-container elementor-column-gap-default\">\n\t\t\t\t\t<div class=\"elementor-column elementor-col-33 elementor-inner-column elementor-element elementor-element-ccdf406\" data-id=\"ccdf406\" data-element_type=\"column\">\n\t\t\t<div class=\"elementor-widget-wrap elementor-element-populated\">\n\t\t\t\t\t\t<div class=\"elementor-element elementor-element-e45011a elementor-widget elementor-widget-image\" data-id=\"e45011a\" data-element_type=\"widget\" data-widget_type=\"image.default\">\n\t\t\t\t<div class=\"elementor-widget-container\">\n\t\t\t\t\t\t\t\t\t\t\t\t\t\t\t<img fetchpriority=\"high\" decoding=\"async\" width=\"390\" height=\"308\" src=\"https:\/\/goldenpondproducts.be\/wp-content\/uploads\/2022\/09\/golden-algae.png\" class=\"attachment-large size-large wp-image-1511\" alt=\"\" srcset=\"https:\/\/goldenpondproducts.be\/wp-content\/uploads\/2022\/09\/golden-algae.png 390w, https:\/\/goldenpondproducts.be\/wp-content\/uploads\/2022\/09\/golden-algae-300x237.png 300w\" sizes=\"(max-width: 390px) 100vw, 390px\" \/>\t\t\t\t\t\t\t\t\t\t\t\t\t\t\t<\/div>\n\t\t\t\t<\/div>\n\t\t\t\t\t<\/div>\n\t\t<\/div>\n\t\t\t\t<div class=\"elementor-column elementor-col-66 elementor-inner-column elementor-element elementor-element-7e3f3a2\" data-id=\"7e3f3a2\" data-element_type=\"column\">\n\t\t\t<div class=\"elementor-widget-wrap elementor-element-populated\">\n\t\t\t\t\t\t<div class=\"elementor-element elementor-element-d2f806e elementor-widget elementor-widget-text-editor\" data-id=\"d2f806e\" data-element_type=\"widget\" data-widget_type=\"text-editor.default\">\n\t\t\t\t<div class=\"elementor-widget-container\">\n\t\t\t\t\t\t\t\t\tLes algues filamenteuses g\u00eanantes peuvent \u00eatre rapidement contr\u00f4l\u00e9es avec le produit homologu\u00e9 <strong class=\"rich-node rich-node1\" data-toggle=\"tooltip\" data-placement=\"top\" data-original-title=\"This is inside a HTML tag: strong\">Golden Algae<\/strong> en combinaison avec <strong class=\"rich-node rich-node2\" data-toggle=\"tooltip\" data-placement=\"top\" data-original-title=\"This is inside a HTML tag: strong\">Golden Stable.<\/strong>\r\n\r\nCes produits uniques sont adapt\u00e9s aux changements climatiques et \u00e0 la r\u00e9sistance toujours plus grande des algues aux produits d\u00e9j\u00e0 existants sur le march\u00e9.\t\t\t\t\t\t\t\t<\/div>\n\t\t\t\t<\/div>\n\t\t\t\t\t<\/div>\n\t\t<\/div>\n\t\t\t\t\t<\/div>\n\t\t<\/section>\n\t\t\t\t<div class=\"elementor-element elementor-element-0310d5f elementor-widget elementor-widget-text-editor\" data-id=\"0310d5f\" data-element_type=\"widget\" data-widget_type=\"text-editor.default\">\n\t\t\t\t<div class=\"elementor-widget-container\">\n\t\t\t\t\t\t\t\t\tEn plus des produits <strong class=\"rich-node rich-node1\" data-toggle=\"tooltip\" data-placement=\"top\" data-original-title=\"This is inside a HTML tag: strong\">Golden Pond<\/strong>, nous distribuons les produits Malamix17. Ces produits sont un m\u00e9lange organique de plantes, de vitamines et d&rsquo;herbes pour une sant\u00e9 optimale des poissons d&rsquo;\u00e9tang, formul\u00e9 par <strong class=\"rich-node rich-node2\" data-toggle=\"tooltip\" data-placement=\"top\" data-original-title=\"This is inside a HTML tag: strong\">Koidokter Maarten Lammens<\/strong>.\r\n\r\nPour la construction et l&rsquo;entretien des \u00e9tangs, nous pouvons vous aider avec <strong class=\"rich-node rich-node3\" data-toggle=\"tooltip\" data-placement=\"top\" data-original-title=\"This is inside a HTML tag: strong\">diff\u00e9rents produits<\/strong> tels que : substrat, colle PVC, d\u00e9graissant et ultra-scellant.\t\t\t\t\t\t\t\t<\/div>\n\t\t\t\t<\/div>\n\t\t\t\t\t<\/div>\n\t\t<\/div>\n\t\t\t\t\t<\/div>\n\t\t<\/section>\n\t\t\t\t<section class=\"elementor-section elementor-top-section elementor-element elementor-element-a238a06 elementor-section-height-min-height elementor-hidden-desktop elementor-hidden-tablet elementor-hidden-mobile elementor-section-boxed elementor-section-height-default elementor-section-items-middle\" data-id=\"a238a06\" data-element_type=\"section\" data-settings=\"{&quot;background_background&quot;:&quot;classic&quot;}\">\n\t\t\t\t\t\t<div class=\"elementor-container elementor-column-gap-no\">\n\t\t\t\t\t<div class=\"elementor-column elementor-col-100 elementor-top-column elementor-element elementor-element-fec9ca2\" data-id=\"fec9ca2\" data-element_type=\"column\">\n\t\t\t<div class=\"elementor-widget-wrap elementor-element-populated\">\n\t\t\t\t\t\t<div class=\"elementor-element elementor-element-7a5c344 elementor-widget elementor-widget-heading\" data-id=\"7a5c344\" data-element_type=\"widget\" data-widget_type=\"heading.default\">\n\t\t\t\t<div class=\"elementor-widget-container\">\n\t\t\t\t\t<h6 class=\"elementor-heading-title elementor-size-default\">PRODUITS DE GOLDEN POND<\/h6>\t\t\t\t<\/div>\n\t\t\t\t<\/div>\n\t\t\t\t<div class=\"elementor-element elementor-element-2e69d15 elementor-widget elementor-widget-heading\" data-id=\"2e69d15\" data-element_type=\"widget\" data-widget_type=\"heading.default\">\n\t\t\t\t<div class=\"elementor-widget-container\">\n\t\t\t\t\t<h2 class=\"elementor-heading-title elementor-size-default\">zijn uniek nieuwe producten die ontworpen zijn gesteund op jarenlange ervaring in de vijverwereld, en in samenspraak met gespecialiseerde biologen en dierenartsen.<\/h2>\t\t\t\t<\/div>\n\t\t\t\t<\/div>\n\t\t\t\t<section class=\"elementor-section elementor-inner-section elementor-element elementor-element-6f99ea7 elementor-section-boxed elementor-section-height-default elementor-section-height-default\" data-id=\"6f99ea7\" data-element_type=\"section\">\n\t\t\t\t\t\t<div class=\"elementor-container elementor-column-gap-no\">\n\t\t\t\t\t<div class=\"elementor-column elementor-col-50 elementor-inner-column elementor-element elementor-element-218e5ec\" data-id=\"218e5ec\" data-element_type=\"column\">\n\t\t\t<div class=\"elementor-widget-wrap elementor-element-populated\">\n\t\t\t\t\t\t<div class=\"elementor-element elementor-element-c656951 elementor-widget elementor-widget-image\" data-id=\"c656951\" data-element_type=\"widget\" data-widget_type=\"image.default\">\n\t\t\t\t<div class=\"elementor-widget-container\">\n\t\t\t\t\t\t\t\t\t\t\t\t\t\t\t<img decoding=\"async\" width=\"654\" height=\"654\" src=\"https:\/\/goldenpondproducts.be\/wp-content\/uploads\/2022\/01\/pond.jpg\" class=\"attachment-full size-full wp-image-1498\" alt=\"\" srcset=\"https:\/\/goldenpondproducts.be\/wp-content\/uploads\/2022\/01\/pond.jpg 654w, https:\/\/goldenpondproducts.be\/wp-content\/uploads\/2022\/01\/pond-300x300.jpg 300w, https:\/\/goldenpondproducts.be\/wp-content\/uploads\/2022\/01\/pond-150x150.jpg 150w\" sizes=\"(max-width: 654px) 100vw, 654px\" \/>\t\t\t\t\t\t\t\t\t\t\t\t\t\t\t<\/div>\n\t\t\t\t<\/div>\n\t\t\t\t\t<\/div>\n\t\t<\/div>\n\t\t\t\t<div class=\"elementor-column elementor-col-50 elementor-inner-column elementor-element elementor-element-d4722a6\" data-id=\"d4722a6\" data-element_type=\"column\">\n\t\t\t<div class=\"elementor-widget-wrap elementor-element-populated\">\n\t\t\t\t\t\t<div class=\"elementor-element elementor-element-e93fb3f elementor-widget elementor-widget-heading\" data-id=\"e93fb3f\" data-element_type=\"widget\" data-widget_type=\"heading.default\">\n\t\t\t\t<div class=\"elementor-widget-container\">\n\t\t\t\t\t<h3 class=\"elementor-heading-title elementor-size-default\">Le produit d'algues fimanenteuses GOLDEN ALGEA est un produit homologu\u00e9 : N\u00b0 d'ADMISSION : 13117B selon le r\u00e8glement (UE) N\u00b0 528\/2012.<\/h3>\t\t\t\t<\/div>\n\t\t\t\t<\/div>\n\t\t\t\t<div class=\"elementor-element elementor-element-df13a5c elementor-widget elementor-widget-heading\" data-id=\"df13a5c\" data-element_type=\"widget\" data-widget_type=\"heading.default\">\n\t\t\t\t<div class=\"elementor-widget-container\">\n\t\t\t\t\t<h5 class=\"elementor-heading-title elementor-size-default\">Ces produits uniques sont adapt\u00e9s aux changements climatiques et \u00e0 la r\u00e9sistance toujours plus grande des algues aux produits d\u00e9j\u00e0 existants sur le march\u00e9.<\/h5>\t\t\t\t<\/div>\n\t\t\t\t<\/div>\n\t\t\t\t<div class=\"elementor-element elementor-element-3d3cda1 elementor-widget elementor-widget-text-editor\" data-id=\"3d3cda1\" data-element_type=\"widget\" data-widget_type=\"text-editor.default\">\n\t\t\t\t<div class=\"elementor-widget-container\">\n\t\t\t\t\t\t\t\t\t<p>Un bassin sans algues avec des poissons et des plantes en bonne sant\u00e9, c&rsquo;est ce que tout le monde souhaite. Les valeurs de l&rsquo;eau sont tr\u00e8s importantes ici : GH, KH (min\u00e9raux) et PH (acidit\u00e9) doivent \u00eatre mesur\u00e9s r\u00e9guli\u00e8rement et ajust\u00e9s si n\u00e9cessaire avec nos produits Golden Pond.<\/p>\n\t\t\t\t\t\t\t\t<\/div>\n\t\t\t\t<\/div>\n\t\t\t\t\t<\/div>\n\t\t<\/div>\n\t\t\t\t\t<\/div>\n\t\t<\/section>\n\t\t\t\t<section class=\"elementor-section elementor-inner-section elementor-element elementor-element-8acd92d elementor-section-boxed elementor-section-height-default elementor-section-height-default\" data-id=\"8acd92d\" data-element_type=\"section\">\n\t\t\t\t\t\t<div class=\"elementor-container elementor-column-gap-no\">\n\t\t\t\t\t<div class=\"elementor-column elementor-col-100 elementor-inner-column elementor-element elementor-element-20b16d2\" data-id=\"20b16d2\" data-element_type=\"column\">\n\t\t\t<div class=\"elementor-widget-wrap elementor-element-populated\">\n\t\t\t\t\t\t<div class=\"elementor-element elementor-element-2ff2970 elementor-widget elementor-widget-text-editor\" data-id=\"2ff2970\" data-element_type=\"widget\" data-widget_type=\"text-editor.default\">\n\t\t\t\t<div class=\"elementor-widget-container\">\n\t\t\t\t\t\t\t\t\t<p>Les algues filamenteuses peuvent \u00eatre contr\u00f4l\u00e9es avec notre combinaison Golden Algae GEHOMOLOGEED APPROVAL NO:13117B sous le R\u00e8glement (UE) No 528\/2012 et Golden Stable.<br \/>\nEn outre, dans notre gamme de produits Golden Pond, nous proposons des bact\u00e9ries, qui sont indispensables dans le bassin.<br \/>\nGolden Pond propose \u00e9galement une gamme compl\u00e8te d&rsquo;aliments allant du Golden basic aux Golden snacks (friandises pour les poissons).<br \/>\nNous proposons \u00e9galement le Substrat Nature, la colle PVC, le d\u00e9graissant et l&rsquo;Ultra Sealer.<\/p>\n<p>Golden pound est \u00e9galement un <strong class=\"rich-node rich-node1\" data-toggle=\"tooltip\" data-placement=\"top\" data-original-title=\"This is inside a HTML tag: strong\">distributeur de<\/strong><strong class=\"rich-node rich-node2\" data-toggle=\"tooltip\" data-placement=\"top\" data-original-title=\"This is inside a HTML tag: strong\">MALAMIX17<\/strong>, formul\u00e9 par le m\u00e9decin sp\u00e9cialiste des ko\u00efs <strong class=\"rich-node rich-node3\" data-toggle=\"tooltip\" data-placement=\"top\" data-original-title=\"This is inside a HTML tag: strong\">Maarten Lammens.<\/strong><\/p>\n\t\t\t\t\t\t\t\t<\/div>\n\t\t\t\t<\/div>\n\t\t\t\t\t<\/div>\n\t\t<\/div>\n\t\t\t\t\t<\/div>\n\t\t<\/section>\n\t\t\t\t\t<\/div>\n\t\t<\/div>\n\t\t\t\t\t<\/div>\n\t\t<\/section>\n\t\t\t\t<section class=\"elementor-section elementor-top-section elementor-element elementor-element-c6017a9 elementor-section-height-min-height elementor-section-boxed elementor-section-height-default elementor-section-items-middle\" data-id=\"c6017a9\" data-element_type=\"section\" data-settings=\"{&quot;background_background&quot;:&quot;classic&quot;}\">\n\t\t\t\t\t\t\t<div class=\"elementor-background-overlay\"><\/div>\n\t\t\t\t\t\t\t<div class=\"elementor-container elementor-column-gap-no\">\n\t\t\t\t\t<div class=\"elementor-column elementor-col-100 elementor-top-column elementor-element elementor-element-7427801\" data-id=\"7427801\" data-element_type=\"column\">\n\t\t\t<div class=\"elementor-widget-wrap elementor-element-populated\">\n\t\t\t\t\t\t<div class=\"elementor-element elementor-element-1ec2b9f elementor-widget elementor-widget-heading\" data-id=\"1ec2b9f\" data-element_type=\"widget\" data-widget_type=\"heading.default\">\n\t\t\t\t<div class=\"elementor-widget-container\">\n\t\t\t\t\t<h6 class=\"elementor-heading-title elementor-size-default\">L'\u00e9quipe de Golden Pond<\/h6>\t\t\t\t<\/div>\n\t\t\t\t<\/div>\n\t\t\t\t<div class=\"elementor-element elementor-element-b0af200 elementor-widget elementor-widget-heading\" data-id=\"b0af200\" data-element_type=\"widget\" data-widget_type=\"heading.default\">\n\t\t\t\t<div class=\"elementor-widget-container\">\n\t\t\t\t\t<h2 class=\"elementor-heading-title elementor-size-default\">Nous sommes l\u00e0 pour vous aider en paroles et en actes.<\/h2>\t\t\t\t<\/div>\n\t\t\t\t<\/div>\n\t\t\t\t<div class=\"elementor-element elementor-element-b624e67 elementor-widget elementor-widget-button\" data-id=\"b624e67\" data-element_type=\"widget\" data-widget_type=\"button.default\">\n\t\t\t\t<div class=\"elementor-widget-container\">\n\t\t\t\t\t\t\t\t\t<div class=\"elementor-button-wrapper\">\n\t\t\t\t\t<a class=\"elementor-button elementor-button-link elementor-size-sm\" href=\"https:\/\/goldenpondproducts.be\/fr\/contact\/\">\n\t\t\t\t\t\t<span class=\"elementor-button-content-wrapper\">\n\t\t\t\t\t\t\t\t\t<span class=\"elementor-button-text\">CONTACTEZ-NOUS<\/span>\n\t\t\t\t\t<\/span>\n\t\t\t\t\t<\/a>\n\t\t\t\t<\/div>\n\t\t\t\t\t\t\t\t<\/div>\n\t\t\t\t<\/div>\n\t\t\t\t\t<\/div>\n\t\t<\/div>\n\t\t\t\t\t<\/div>\n\t\t<\/section>\n\t\t\t\t<\/div>\n\t\t","protected":false},"excerpt":{"rendered":"<p>Demandez conseil \u00e0 nos sp\u00e9cialistes. Vous souhaitez devenir un DISTRIBUTEUR de produits Golden Pond : CONTACTEZ-NOUS Les produits GOLDEN POND PRODUCTS sont des produits uniques et durables pour les bassins, con\u00e7us en collaboration avec des biologistes et des v\u00e9t\u00e9rinaires sp\u00e9cialis\u00e9s. Les produits de Golden Pond sont enti\u00e8rement compos\u00e9s biologiquement et am\u00e9liorent la qualit\u00e9 de l&rsquo;eau &hellip;<\/p>\n<p class=\"read-more\"> <a class=\"\" href=\"https:\/\/goldenpondproducts.be\/fr\/\"> <span class=\"screen-reader-text\">Accueil<\/span> Read More \u00bb<\/a><\/p>\n","protected":false},"author":3,"featured_media":0,"parent":0,"menu_order":0,"comment_status":"closed","ping_status":"closed","template":"","meta":{"_seopress_robots_primary_cat":"","_seopress_titles_title":"","_seopress_titles_desc":"","_seopress_robots_index":"","site-sidebar-layout":"no-sidebar","site-content-layout":"page-builder","ast-global-header-display":"","ast-main-header-display":"","ast-hfb-above-header-display":"","ast-hfb-below-header-display":"","ast-hfb-mobile-header-display":"","site-post-title":"disabled","ast-breadcrumbs-content":"disabled","ast-featured-img":"disabled","footer-sml-layout":"","theme-transparent-header-meta":"default","adv-header-id-meta":"","stick-header-meta":"default","header-above-stick-meta":"","header-main-stick-meta":"","header-below-stick-meta":"","footnotes":""},"class_list":["post-1684","page","type-page","status-publish","hentry"],"_links":{"self":[{"href":"https:\/\/goldenpondproducts.be\/fr\/wp-json\/wp\/v2\/pages\/1684","targetHints":{"allow":["GET"]}}],"collection":[{"href":"https:\/\/goldenpondproducts.be\/fr\/wp-json\/wp\/v2\/pages"}],"about":[{"href":"https:\/\/goldenpondproducts.be\/fr\/wp-json\/wp\/v2\/types\/page"}],"author":[{"embeddable":true,"href":"https:\/\/goldenpondproducts.be\/fr\/wp-json\/wp\/v2\/users\/3"}],"replies":[{"embeddable":true,"href":"https:\/\/goldenpondproducts.be\/fr\/wp-json\/wp\/v2\/comments?post=1684"}],"version-history":[{"count":2,"href":"https:\/\/goldenpondproducts.be\/fr\/wp-json\/wp\/v2\/pages\/1684\/revisions"}],"predecessor-version":[{"id":1690,"href":"https:\/\/goldenpondproducts.be\/fr\/wp-json\/wp\/v2\/pages\/1684\/revisions\/1690"}],"wp:attachment":[{"href":"https:\/\/goldenpondproducts.be\/fr\/wp-json\/wp\/v2\/media?parent=1684"}],"curies":[{"name":"wp","href":"https:\/\/api.w.org\/{rel}","templated":true}]}}